{"id":31,"date":"2020-04-13T11:18:52","date_gmt":"2020-04-13T11:18:52","guid":{"rendered":"https:\/\/toursuruguay.com\/about\/"},"modified":"2025-08-29T00:18:39","modified_gmt":"2025-08-28T22:18:39","slug":"nosotros","status":"publish","type":"page","link":"https:\/\/toursuruguay.com\/pt\/nosotros\/","title":{"rendered":"N\u00f3s"},"content":{"rendered":"<div data-elementor-type=\"wp-page\" data-elementor-id=\"31\" class=\"elementor elementor-31\">\n\t\t\t\t<div class=\"elementor-element elementor-element-9010cd0 e-flex e-con-boxed e-con e-parent\" data-id=\"9010cd0\" data-element_type=\"container\" data-settings=\"{&quot;background_background&quot;:&quot;classic&quot;}\">\n\t\t\t\t\t<div class=\"e-con-inner\">\n\t\t<div class=\"elementor-element elementor-element-5a69cc7 e-con-full e-flex e-con e-child\" data-id=\"5a69cc7\" data-element_type=\"container\">\n\t\t\t\t<div class=\"elementor-element elementor-element-f184ec7 elementor-widget elementor-widget-heading\" data-id=\"f184ec7\" data-element_type=\"widget\" data-widget_type=\"heading.default\">\n\t\t\t\t<div class=\"elementor-widget-container\">\n\t\t\t\t\t<h1 class=\"elementor-heading-title elementor-size-default\">Sobre N\u00f3s<\/h1>\t\t\t\t<\/div>\n\t\t\t\t<\/div>\n\t\t\t\t<\/div>\n\t\t\t\t\t<\/div>\n\t\t\t\t<\/div>\n\t\t<div class=\"elementor-element elementor-element-a529ccb e-flex e-con-boxed e-con e-parent\" data-id=\"a529ccb\" data-element_type=\"container\">\n\t\t\t\t\t<div class=\"e-con-inner\">\n\t\t<div class=\"elementor-element elementor-element-83324c1 e-con-full e-flex e-con e-child\" data-id=\"83324c1\" data-element_type=\"container\">\n\t\t\t\t<div class=\"elementor-element elementor-element-977f61c elementor-widget elementor-widget-image\" data-id=\"977f61c\" data-element_type=\"widget\" data-widget_type=\"image.default\">\n\t\t\t\t<div class=\"elementor-widget-container\">\n\t\t\t\t\t\t\t\t\t\t\t\t\t\t\t<img fetchpriority=\"high\" decoding=\"async\" width=\"364\" height=\"346\" src=\"https:\/\/toursuruguay.com\/wp-content\/uploads\/2024\/02\/logo-136x129.png\" class=\"attachment-large size-large wp-image-942\" alt=\"\" srcset=\"https:\/\/toursuruguay.com\/wp-content\/uploads\/2024\/02\/logo.png 1x, https:\/\/toursuruguay.com\/wp-content\/uploads\/2024\/02\/logo.png 2x\" sizes=\"(max-width: 364px) 100vw, 364px\" \/>\t\t\t\t\t\t\t\t\t\t\t\t\t\t\t<\/div>\n\t\t\t\t<\/div>\n\t\t\t\t<\/div>\n\t\t<div class=\"elementor-element elementor-element-c4f6020 e-con-full e-flex e-con e-child\" data-id=\"c4f6020\" data-element_type=\"container\">\n\t\t\t\t<div class=\"elementor-element elementor-element-7f646ff elementor-widget elementor-widget-text-editor\" data-id=\"7f646ff\" data-element_type=\"widget\" data-widget_type=\"text-editor.default\">\n\t\t\t\t<div class=\"elementor-widget-container\">\n\t\t\t\t\t\t\t\t\t<p>Somos especializados em turismo dom\u00e9stico, oferecendo passeios e excurs\u00f5es com motoristas e guias altamente treinados, comprometidos em fornecer informa\u00e7\u00f5es claras, interessantes e enriquecedoras sobre cada passeio.<\/p><p>Nosso objetivo \u00e9 garantir que cada viajante tenha uma experi\u00eancia \u00fanica e que suas f\u00e9rias no Uruguai se tornem mem\u00f3rias inesquec\u00edveis.<\/p>\t\t\t\t\t\t\t\t<\/div>\n\t\t\t\t<\/div>\n\t\t\t\t<\/div>\n\t\t\t\t\t<\/div>\n\t\t\t\t<\/div>\n\t\t\t\t<\/div>","protected":false},"excerpt":{"rendered":"<p>Sobre nosotros Nos especializamos en turismo interno, ofreciendo paseos y excursiones con choferes y gu\u00edas altamente capacitados, comprometidos en brindar informaci\u00f3n clara, interesante y enriquecedora sobre cada recorrido. Nuestro objetivo es que cada viajero disfrute de una experiencia \u00fanica y que sus vacaciones en Uruguay se conviertan en recuerdos inolvidables.<\/p>","protected":false},"author":1,"featured_media":0,"parent":0,"menu_order":0,"comment_status":"closed","ping_status":"closed","template":"","meta":{"site-sidebar-layout":"no-sidebar","site-content-layout":"page-builder","ast-site-content-layout":"full-width-container","site-content-style":"unboxed","site-sidebar-style":"default","ast-global-header-display":"","ast-banner-title-visibility":"","ast-main-header-display":"","ast-hfb-above-header-display":"","ast-hfb-below-header-display":"","ast-hfb-mobile-header-display":"","site-post-title":"disabled","ast-breadcrumbs-content":"","ast-featured-img":"","footer-sml-layout":"","theme-transparent-header-meta":"enabled","adv-header-id-meta":"","stick-header-meta":"","header-above-stick-meta":"","header-main-stick-meta":"","header-below-stick-meta":"","astra-migrate-meta-layouts":"set","ast-page-background-enabled":"default","ast-page-background-meta":{"desktop":{"background-color":"","background-image":"","background-repeat":"repeat","background-position":"center center","background-size":"auto","background-attachment":"scroll","background-type":"","background-media":"","overlay-type":"","overlay-color":"","overlay-opacity":"","overlay-gradient":""},"tablet":{"background-color":"","background-image":"","background-repeat":"repeat","background-position":"center center","background-size":"auto","background-attachment":"scroll","background-type":"","background-media":"","overlay-type":"","overlay-color":"","overlay-opacity":"","overlay-gradient":""},"mobile":{"background-color":"","background-image":"","background-repeat":"repeat","background-position":"center center","background-size":"auto","background-attachment":"scroll","background-type":"","background-media":"","overlay-type":"","overlay-color":"","overlay-opacity":"","overlay-gradient":""}},"ast-content-background-meta":{"desktop":{"background-color":"var(--ast-global-color-5)","background-image":"","background-repeat":"repeat","background-position":"center center","background-size":"auto","background-attachment":"scroll","background-type":"","background-media":"","overlay-type":"","overlay-color":"","overlay-opacity":"","overlay-gradient":""},"tablet":{"background-color":"var(--ast-global-color-5)","background-image":"","background-repeat":"repeat","background-position":"center center","background-size":"auto","background-attachment":"scroll","background-type":"","background-media":"","overlay-type":"","overlay-color":"","overlay-opacity":"","overlay-gradient":""},"mobile":{"background-color":"var(--ast-global-color-5)","background-image":"","background-repeat":"repeat","background-position":"center center","background-size":"auto","background-attachment":"scroll","background-type":"","background-media":"","overlay-type":"","overlay-color":"","overlay-opacity":"","overlay-gradient":""}},"_joinchat":[],"footnotes":""},"class_list":["post-31","page","type-page","status-publish","hentry"],"yoast_head":"<!-- This site is optimized with the Yoast SEO plugin v25.6 - https:\/\/yoast.com\/wordpress\/plugins\/seo\/ -->\n<title>Nosotros - Tours Uruguay<\/title>\n<meta name=\"description\" content=\"Somos una empresa enfocada al turismo interno con m\u00e1s de 8 a\u00f1os de experiencia, nos encargamos de hacer de sus vacaciones inolvidables!!\" \/>\n<meta name=\"robots\" content=\"index, follow, max-snippet:-1, max-image-preview:large, max-video-preview:-1\" \/>\n<link rel=\"canonical\" href=\"https:\/\/toursuruguay.com\/pt\/nosotros\/\" \/>\n<meta property=\"og:locale\" content=\"pt_BR\" \/>\n<meta property=\"og:type\" content=\"article\" \/>\n<meta property=\"og:title\" content=\"Nosotros - Tours Uruguay\" \/>\n<meta property=\"og:description\" content=\"Somos una empresa enfocada al turismo interno con m\u00e1s de 8 a\u00f1os de experiencia, nos encargamos de hacer de sus vacaciones inolvidables!!\" \/>\n<meta property=\"og:url\" content=\"https:\/\/toursuruguay.com\/pt\/nosotros\/\" \/>\n<meta property=\"og:site_name\" content=\"Tours Uruguay\" \/>\n<meta property=\"article:modified_time\" content=\"2025-08-28T22:18:39+00:00\" \/>\n<meta property=\"og:image\" content=\"https:\/\/toursuruguay.com\/wp-content\/uploads\/2024\/02\/logo.png\" \/>\n\t<meta property=\"og:image:width\" content=\"364\" \/>\n\t<meta property=\"og:image:height\" content=\"346\" \/>\n\t<meta property=\"og:image:type\" content=\"image\/png\" \/>\n<meta name=\"twitter:card\" content=\"summary_large_image\" \/>\n<meta name=\"twitter:label1\" content=\"Est. tempo de leitura\" \/>\n\t<meta name=\"twitter:data1\" content=\"1 minuto\" \/>\n<script type=\"application\/ld+json\" class=\"yoast-schema-graph\">{\"@context\":\"https:\/\/schema.org\",\"@graph\":[{\"@type\":\"WebPage\",\"@id\":\"https:\/\/toursuruguay.com\/nosotros\/\",\"url\":\"https:\/\/toursuruguay.com\/nosotros\/\",\"name\":\"Nosotros - Tours Uruguay\",\"isPartOf\":{\"@id\":\"https:\/\/toursuruguay.com\/#website\"},\"primaryImageOfPage\":{\"@id\":\"https:\/\/toursuruguay.com\/nosotros\/#primaryimage\"},\"image\":{\"@id\":\"https:\/\/toursuruguay.com\/nosotros\/#primaryimage\"},\"thumbnailUrl\":\"https:\/\/toursuruguay.com\/wp-content\/uploads\/2024\/02\/logo-136x129.png\",\"datePublished\":\"2020-04-13T11:18:52+00:00\",\"dateModified\":\"2025-08-28T22:18:39+00:00\",\"description\":\"Somos una empresa enfocada al turismo interno con m\u00e1s de 8 a\u00f1os de experiencia, nos encargamos de hacer de sus vacaciones inolvidables!!\",\"breadcrumb\":{\"@id\":\"https:\/\/toursuruguay.com\/nosotros\/#breadcrumb\"},\"inLanguage\":\"pt-BR\",\"potentialAction\":[{\"@type\":\"ReadAction\",\"target\":[\"https:\/\/toursuruguay.com\/nosotros\/\"]}]},{\"@type\":\"ImageObject\",\"inLanguage\":\"pt-BR\",\"@id\":\"https:\/\/toursuruguay.com\/nosotros\/#primaryimage\",\"url\":\"https:\/\/toursuruguay.com\/wp-content\/uploads\/2024\/02\/logo-136x129.png\",\"contentUrl\":\"https:\/\/toursuruguay.com\/wp-content\/uploads\/2024\/02\/logo-136x129.png\"},{\"@type\":\"BreadcrumbList\",\"@id\":\"https:\/\/toursuruguay.com\/nosotros\/#breadcrumb\",\"itemListElement\":[{\"@type\":\"ListItem\",\"position\":1,\"name\":\"Portada\",\"item\":\"https:\/\/toursuruguay.com\/\"},{\"@type\":\"ListItem\",\"position\":2,\"name\":\"Nosotros\"}]},{\"@type\":\"WebSite\",\"@id\":\"https:\/\/toursuruguay.com\/#website\",\"url\":\"https:\/\/toursuruguay.com\/\",\"name\":\"Tours Uruguay\",\"description\":\"Tours Uruguay\",\"publisher\":{\"@id\":\"https:\/\/toursuruguay.com\/#organization\"},\"potentialAction\":[{\"@type\":\"SearchAction\",\"target\":{\"@type\":\"EntryPoint\",\"urlTemplate\":\"https:\/\/toursuruguay.com\/?s={search_term_string}\"},\"query-input\":{\"@type\":\"PropertyValueSpecification\",\"valueRequired\":true,\"valueName\":\"search_term_string\"}}],\"inLanguage\":\"pt-BR\"},{\"@type\":\"Organization\",\"@id\":\"https:\/\/toursuruguay.com\/#organization\",\"name\":\"Tours Uruguay\",\"url\":\"https:\/\/toursuruguay.com\/\",\"logo\":{\"@type\":\"ImageObject\",\"inLanguage\":\"pt-BR\",\"@id\":\"https:\/\/toursuruguay.com\/#\/schema\/logo\/image\/\",\"url\":\"https:\/\/toursuruguay.com\/wp-content\/uploads\/2024\/02\/logo.png\",\"contentUrl\":\"https:\/\/toursuruguay.com\/wp-content\/uploads\/2024\/02\/logo.png\",\"width\":364,\"height\":346,\"caption\":\"Tours Uruguay\"},\"image\":{\"@id\":\"https:\/\/toursuruguay.com\/#\/schema\/logo\/image\/\"},\"sameAs\":[\"https:\/\/www.instagram.com\/tours_uruguay\"]}]}<\/script>\n<!-- \/ Yoast SEO plugin. -->","yoast_head_json":{"title":"Nosotros - Tours Uruguay","description":"Somos una empresa enfocada al turismo interno con m\u00e1s de 8 a\u00f1os de experiencia, nos encargamos de hacer de sus vacaciones inolvidables!!","robots":{"index":"index","follow":"follow","max-snippet":"max-snippet:-1","max-image-preview":"max-image-preview:large","max-video-preview":"max-video-preview:-1"},"canonical":"https:\/\/toursuruguay.com\/pt\/nosotros\/","og_locale":"pt_BR","og_type":"article","og_title":"Nosotros - Tours Uruguay","og_description":"Somos una empresa enfocada al turismo interno con m\u00e1s de 8 a\u00f1os de experiencia, nos encargamos de hacer de sus vacaciones inolvidables!!","og_url":"https:\/\/toursuruguay.com\/pt\/nosotros\/","og_site_name":"Tours Uruguay","article_modified_time":"2025-08-28T22:18:39+00:00","og_image":[{"width":364,"height":346,"url":"https:\/\/toursuruguay.com\/wp-content\/uploads\/2024\/02\/logo.png","type":"image\/png"}],"twitter_card":"summary_large_image","twitter_misc":{"Est. tempo de leitura":"1 minuto"},"schema":{"@context":"https:\/\/schema.org","@graph":[{"@type":"WebPage","@id":"https:\/\/toursuruguay.com\/nosotros\/","url":"https:\/\/toursuruguay.com\/nosotros\/","name":"Nosotros - Tours Uruguay","isPartOf":{"@id":"https:\/\/toursuruguay.com\/#website"},"primaryImageOfPage":{"@id":"https:\/\/toursuruguay.com\/nosotros\/#primaryimage"},"image":{"@id":"https:\/\/toursuruguay.com\/nosotros\/#primaryimage"},"thumbnailUrl":"https:\/\/toursuruguay.com\/wp-content\/uploads\/2024\/02\/logo-136x129.png","datePublished":"2020-04-13T11:18:52+00:00","dateModified":"2025-08-28T22:18:39+00:00","description":"Somos una empresa enfocada al turismo interno con m\u00e1s de 8 a\u00f1os de experiencia, nos encargamos de hacer de sus vacaciones inolvidables!!","breadcrumb":{"@id":"https:\/\/toursuruguay.com\/nosotros\/#breadcrumb"},"inLanguage":"pt-BR","potentialAction":[{"@type":"ReadAction","target":["https:\/\/toursuruguay.com\/nosotros\/"]}]},{"@type":"ImageObject","inLanguage":"pt-BR","@id":"https:\/\/toursuruguay.com\/nosotros\/#primaryimage","url":"https:\/\/toursuruguay.com\/wp-content\/uploads\/2024\/02\/logo-136x129.png","contentUrl":"https:\/\/toursuruguay.com\/wp-content\/uploads\/2024\/02\/logo-136x129.png"},{"@type":"BreadcrumbList","@id":"https:\/\/toursuruguay.com\/nosotros\/#breadcrumb","itemListElement":[{"@type":"ListItem","position":1,"name":"Portada","item":"https:\/\/toursuruguay.com\/"},{"@type":"ListItem","position":2,"name":"Nosotros"}]},{"@type":"WebSite","@id":"https:\/\/toursuruguay.com\/#website","url":"https:\/\/toursuruguay.com\/","name":"Tours Uruguay","description":"Tours Uruguay","publisher":{"@id":"https:\/\/toursuruguay.com\/#organization"},"potentialAction":[{"@type":"SearchAction","target":{"@type":"EntryPoint","urlTemplate":"https:\/\/toursuruguay.com\/?s={search_term_string}"},"query-input":{"@type":"PropertyValueSpecification","valueRequired":true,"valueName":"search_term_string"}}],"inLanguage":"pt-BR"},{"@type":"Organization","@id":"https:\/\/toursuruguay.com\/#organization","name":"Tours Uruguay","url":"https:\/\/toursuruguay.com\/","logo":{"@type":"ImageObject","inLanguage":"pt-BR","@id":"https:\/\/toursuruguay.com\/#\/schema\/logo\/image\/","url":"https:\/\/toursuruguay.com\/wp-content\/uploads\/2024\/02\/logo.png","contentUrl":"https:\/\/toursuruguay.com\/wp-content\/uploads\/2024\/02\/logo.png","width":364,"height":346,"caption":"Tours Uruguay"},"image":{"@id":"https:\/\/toursuruguay.com\/#\/schema\/logo\/image\/"},"sameAs":["https:\/\/www.instagram.com\/tours_uruguay"]}]}},"_links":{"self":[{"href":"https:\/\/toursuruguay.com\/pt\/wp-json\/wp\/v2\/pages\/31","targetHints":{"allow":["GET"]}}],"collection":[{"href":"https:\/\/toursuruguay.com\/pt\/wp-json\/wp\/v2\/pages"}],"about":[{"href":"https:\/\/toursuruguay.com\/pt\/wp-json\/wp\/v2\/types\/page"}],"author":[{"embeddable":true,"href":"https:\/\/toursuruguay.com\/pt\/wp-json\/wp\/v2\/users\/1"}],"replies":[{"embeddable":true,"href":"https:\/\/toursuruguay.com\/pt\/wp-json\/wp\/v2\/comments?post=31"}],"version-history":[{"count":0,"href":"https:\/\/toursuruguay.com\/pt\/wp-json\/wp\/v2\/pages\/31\/revisions"}],"wp:attachment":[{"href":"https:\/\/toursuruguay.com\/pt\/wp-json\/wp\/v2\/media?parent=31"}],"curies":[{"name":"wp","href":"https:\/\/api.w.org\/{rel}","templated":true}]}}